{"id":93,"date":"2018-10-24T04:04:01","date_gmt":"2018-10-24T04:04:01","guid":{"rendered":"https:\/\/futuriodemos.com\/default-demo\/?page_id=93"},"modified":"2026-03-19T10:25:00","modified_gmt":"2026-03-19T10:25:00","slug":"inscriptions","status":"publish","type":"page","link":"https:\/\/prim.college-st-michel.info\/index.php\/inscriptions\/","title":{"rendered":"Inscriptions"},"content":{"rendered":"\t\t<div data-elementor-type=\"wp-page\" data-elementor-id=\"93\" class=\"elementor elementor-93\">\n\t\t\t\t\t\t<section class=\"elementor-section elementor-top-section elementor-element elementor-element-3e9ea81 elementor-section-stretched elementor-section-boxed elementor-section-height-default elementor-section-height-default\" data-id=\"3e9ea81\" data-element_type=\"section\" data-e-type=\"section\" data-settings=\"{&quot;stretch_section&quot;:&quot;section-stretched&quot;}\">\n\t\t\t\t\t\t<div class=\"elementor-container elementor-column-gap-default\">\n\t\t\t\t\t<div class=\"elementor-column elementor-col-100 elementor-top-column elementor-element elementor-element-b33d5f7\" data-id=\"b33d5f7\" data-element_type=\"column\" data-e-type=\"column\">\n\t\t\t<div class=\"elementor-widget-wrap elementor-element-populated\">\n\t\t\t\t\t\t<div class=\"elementor-element elementor-element-a285666 elementor-widget elementor-widget-text-editor\" data-id=\"a285666\" data-element_type=\"widget\" data-e-type=\"widget\" data-widget_type=\"text-editor.default\">\n\t\t\t\t<div class=\"elementor-widget-container\">\n\t\t\t\t\t\t\t\t\t<p><strong>Pour<span style=\"text-decoration: underline;\"> les parents d\u00e9sireux d&rsquo;inscrire leur enfant dans notre \u00e9cole pour l&rsquo;ann\u00e9e scolaire 2026-2027<\/span><\/strong><\/p><div>\u00a0<\/div><div class=\"gmail_default\"><p><strong><u>Comment proc\u00e9der\u00a0<\/u><\/strong><strong>: <\/strong><\/p><ol><li>Vous pouvez envoyer un mail \u00e0 <a href=\"mailto:inscriptions.primaire@college-st-michel.be\">inscriptions.primaire@college-st-michel.be<\/a> pour manifester votre int\u00e9r\u00eat\u00a0;<\/li><li>Remplissez le Google Form qui vous sera envoy\u00e9 en retour\u202f;<\/li><li>Rassemblez les documents qui vous seront demand\u00e9s et compl\u00e9tez les annexes envoy\u00e9es\u202f;<\/li><li>Prenez ensuite rendez-vous avec le secr\u00e9tariat de l\u2019\u00e9cole primaire pour venir d\u00e9poser les documents demand\u00e9s.<\/li><\/ol><p>Le dossier sera consid\u00e9r\u00e9 complet une fois tous les documents re\u00e7us. L\u2019inscription sera alors enregistr\u00e9e. Elle sera ensuite confirm\u00e9e par mail en fonction des places disponibles. Les dossiers incomplets ne seront pas trait\u00e9s.<\/p><p><strong>Toutes les communications relatives aux inscriptions se font via le mail <\/strong><a href=\"mailto:inscriptions.primaire@college-st-michel.be\"><strong>inscriptions.primaire@college-st-michel.be<\/strong><\/a><strong> ou par t\u00e9l\u00e9phone au 02\/739.34.06.<\/strong><\/p><\/div><p><strong><u>Calendrier\u00a0<\/u><\/strong>:<\/p><p>&#8211; Un mercredi de juin (date \u00e0 d\u00e9terminer) : apr\u00e8s-midi d\u00e9couverte de l\u2019\u00e9cole pour les enfants<\/p><p>N.B. Les \u00e9l\u00e8ves actuellement inscrits \u00e0 l\u2019\u00e9cole sont automatiquement r\u00e9inscrits pour l\u2019ann\u00e9e suivante.<\/p><div>\u00a0<\/div><p><a href=\"https:\/\/prim.college-st-michel.info\/wp-content\/uploads\/2026\/03\/Frais-26-27.pdf\" target=\"_blank\" rel=\"noopener\">Tableau \u00ab\u00a0Estimations des frais scolaires\u00a0\u00bb<\/a><\/p><p><a href=\"https:\/\/prim.college-st-michel.info\/wp-content\/uploads\/2026\/03\/CODE-DE-LENSEIGNEMENT-articles-relatifs-aux-frais.pdf\" target=\"_blank\" rel=\"noopener\">Code<\/a><\/p>\t\t\t\t\t\t\t\t<\/div>\n\t\t\t\t<\/div>\n\t\t\t\t\t<\/div>\n\t\t<\/div>\n\t\t\t\t\t<\/div>\n\t\t<\/section>\n\t\t\t\t<\/div>\n\t\t","protected":false},"excerpt":{"rendered":"<p>Pour les parents d\u00e9sireux d&rsquo;inscrire leur enfant dans notre \u00e9cole pour l&rsquo;ann\u00e9e scolaire 2026-2027 \u00a0 Comment proc\u00e9der\u00a0: Vous pouvez envoyer un mail \u00e0 inscriptions.primaire@college-st-michel.be pour manifester votre int\u00e9r\u00eat\u00a0; Remplissez le Google Form qui vous sera envoy\u00e9 en retour\u202f; Rassemblez les documents qui vous seront demand\u00e9s et compl\u00e9tez les annexes envoy\u00e9es\u202f; Prenez ensuite rendez-vous avec le&hellip;<\/p>\n","protected":false},"author":1,"featured_media":0,"parent":0,"menu_order":0,"comment_status":"closed","ping_status":"closed","template":"","meta":{"footnotes":""},"class_list":["post-93","page","type-page","status-publish","hentry"],"_links":{"self":[{"href":"https:\/\/prim.college-st-michel.info\/index.php\/wp-json\/wp\/v2\/pages\/93","targetHints":{"allow":["GET"]}}],"collection":[{"href":"https:\/\/prim.college-st-michel.info\/index.php\/wp-json\/wp\/v2\/pages"}],"about":[{"href":"https:\/\/prim.college-st-michel.info\/index.php\/wp-json\/wp\/v2\/types\/page"}],"author":[{"embeddable":true,"href":"https:\/\/prim.college-st-michel.info\/index.php\/wp-json\/wp\/v2\/users\/1"}],"replies":[{"embeddable":true,"href":"https:\/\/prim.college-st-michel.info\/index.php\/wp-json\/wp\/v2\/comments?post=93"}],"version-history":[{"count":146,"href":"https:\/\/prim.college-st-michel.info\/index.php\/wp-json\/wp\/v2\/pages\/93\/revisions"}],"predecessor-version":[{"id":2677,"href":"https:\/\/prim.college-st-michel.info\/index.php\/wp-json\/wp\/v2\/pages\/93\/revisions\/2677"}],"wp:attachment":[{"href":"https:\/\/prim.college-st-michel.info\/index.php\/wp-json\/wp\/v2\/media?parent=93"}],"curies":[{"name":"wp","href":"https:\/\/api.w.org\/{rel}","templated":true}]}}